{"id":531,"date":"2023-02-21T08:27:12","date_gmt":"2023-02-21T08:27:12","guid":{"rendered":"https:\/\/szczupakcup.hotelmoran.pl\/?page_id=531"},"modified":"2026-02-18T19:29:47","modified_gmt":"2026-02-18T19:29:47","slug":"regulamin","status":"publish","type":"page","link":"http:\/\/szczupakcup.hotelmoran.pl\/?page_id=531","title":{"rendered":"REGULAMIN"},"content":{"rendered":"<p><div class=\"fusion-fullwidth fullwidth-box fusion-builder-row-1 nonhundred-percent-fullwidth non-hundred-percent-height-scrolling\"  style='background-color: rgba(255,255,255,0);background-position: center center;background-repeat: no-repeat;padding-top:0px;padding-right:0px;padding-bottom:0px;padding-left:0px;'><div class=\"fusion-builder-row fusion-row \"><div  class=\"fusion-layout-column fusion_builder_column fusion_builder_column_1_1 fusion-builder-column-1 fusion-one-full fusion-column-first fusion-column-last 1_1\"  style='margin-top:0px;margin-bottom:0px;'>\n\t\t\t\t\t<div class=\"fusion-column-wrapper\" style=\"padding: 0px 0px 0px 0px;background-position:left top;background-repeat:no-repeat;-webkit-background-size:cover;-moz-background-size:cover;-o-background-size:cover;background-size:cover;\"   data-bg-url=\"\">\n\t\t\t\t\t\t<div class=\"fusion-text\"><h1><strong>Szczupak Cup Moran Powidz 2026<\/strong><\/h1>\n<p><span style=\"font-weight: 400;\">21\u201324 maja 2026 r.<\/span><\/p>\n<h2><strong>REGULAMIN ZAWOD\u00d3W<\/strong><\/h2>\n<ol>\n<li>W zawodach mog\u0105 startowa\u0107 osoby, kt\u00f3re uko\u0144czy\u0142y 18 lat i zosta\u0142y zaklasyfikowane przez organizatora. Osoba poni\u017cej 18 lat mo\u017ce startowa\u0107 wy\u0142\u0105cznie pod opiek\u0105 osoby pe\u0142noletniej (kt\u00f3ra uko\u0144czy\u0142a 18 lat) i za zgod\u0105 organizatora. Wszyscy uczestnicy zawod\u00f3w bior\u0105 w nich udzia\u0142 na w\u0142asn\u0105 odpowiedzialno\u015b\u0107 i posiadaj\u0105 aktualn\u0105 polis\u0119 ubezpieczeniow\u0105.<\/li>\n<li>Terenem zawod\u00f3w jest \u0141owisko Specjalne na Jeziorze Powidzkim, a baz\u0105 Hotel Moran****SPA, 62-430 Powidz, Ostrowo 30.<\/li>\n<li>Odprawa dla zawodnik\u00f3w przed zawodami odb\u0119dzie si\u0119 dnia 21 maja (czw.) 2026 r. o godz. 19. Na odprawie zostan\u0105 przekazane wszelkie niezb\u0119dne informacje o zawodach.<\/li>\n<li>Zawody odb\u0119d\u0105 si\u0119 w dw\u00f3ch turach, w nast\u0119puj\u0105cych godzinach:<br \/>\n<strong>1. tura 22 maja (pt.), 8:00\u201316:00<\/strong><br \/>\n<strong>2. tura 23 maja (sob.), 8:00\u201316:00<\/strong><br \/>\nKa\u017cd\u0105 tur\u0119 rozpoczyna i ko\u0144czy sygna\u0142 okre\u015blony przez organizatora. Zdanie kart startowych do biura zawod\u00f3w \u2013 23 maja (sob.) najp\u00f3\u017aniej do godziny 16:30<br \/>\nS\u0119dzia g\u0142\u00f3wny w porozumieniu z organizatorem mo\u017ce skr\u00f3ci\u0107 czas zawod\u00f3w w sytuacji zagro\u017cenia zdrowia lub \u017cycia uczestnik\u00f3w (takiej jak np. wy\u0142adowania atmosferyczne, wysokie fale itp.)<\/li>\n<li>Za\u0142og\u0119 \u0142odzi stanowi jeden zawodnik lub dw\u00f3ch zawodnik\u00f3w. Zawodnicy pe\u0142ni\u0105 w stosunku do siebie funkcj\u0119 s\u0119dziego kontrolnego i maj\u0105 prawo zg\u0142asza\u0107 do s\u0119dziego g\u0142\u00f3wnego wszelkie uwagi w tym zakresie.<\/li>\n<li>Dozwolone jest:<br \/>\n&#8211; w\u0119dkowanie z \u0142odzi o d\u0142ugo\u015bci co najmniej 360 cm (lub z kajaka w\u0119dkarskiego), dryfuj\u0105cej (nienap\u0119dzanej r\u0119cznie ani mechanicznie) lub zakotwiczonej na dnie lub za pomoc\u0105 kotwicy elektrycznej sterowanej sygna\u0142ami z GPS;<br \/>\n&#8211; \u0142owienie metod\u0105 spinningow\u0105, polegaj\u0105c\u0105 na rzucaniu i prowadzeniu za pomoc\u0105 dowolnego w\u0119dziska z dowolnym ko\u0142owrotkiem i dowoln\u0105 link\u0105 zako\u0144czon\u0105 sztuczn\u0105 przyn\u0119t\u0105; sztuczna przyn\u0119ta mo\u017ce by\u0107 wyposa\u017cona w nie wi\u0119cej ni\u017c trzy haczyki; haczyk mo\u017ce mie\u0107 nie wi\u0119cej ni\u017c cztery ostrza, rozstawione w taki spos\u00f3b, aby nie wykracza\u0142y poza obw\u00f3d ko\u0142a o \u015brednicy 30 mm;<br \/>\n&#8211; \u0142owienie metod\u0105 vertical jigging, zwan\u0105 dalej wertykalem, polegaj\u0105c\u0105 na utrzymywaniu lub prowadzeniu sztucznej przyn\u0119ty na pionowej lince w dowolny<br \/>\nspos\u00f3b, z wyj\u0105tkiem \u201epodnoszenia i opuszczania przyn\u0119ty w spos\u00f3b ci\u0105g\u0142y\u201d, zabronionego przez ustaw\u0119 o rybactwie \u015br\u00f3dl\u0105dowym z dnia 18 kwietnia 1985 roku<br \/>\n(tekst jednolity z 2019 r.);<br \/>\n&#8211; \u0142owienie metoda muchow\u0105, polegaj\u0105ca na zarzucaniu i utrzymywaniu lub prowadzeniu sztucznej muchy za pomoc\u0105 w\u0119dziska muchowego z ko\u0142owrotkiem o<br \/>\nszpuli ruchomej i link\u0105 muchow\u0105 o dowolnej wyporno\u015bci zako\u0144czonym dowolnym przyponem zako\u0144czonym sztuczn\u0105 much\u0105; sztuczna mucha mo\u017ce by\u0107 wyposa\u017cona w nie wi\u0119cej ni\u017c dwoma haczykami, ka\u017cdy haczyk mo\u017ce mie\u0107 nie wi\u0119cej ni\u017c dwa ostrza rozstawione w taki spos\u00f3b, aby nie wykracza\u0142y one poza obw\u00f3d ko\u0142a o \u015brednicy 30 mm;<br \/>\n&#8211; stosowanie dowolnego silnika (z zastrze\u017ceniem w punkcie 7), dowolnej echosondy i GPS.<\/li>\n<li>Zakazane jest:<br \/>\n&#8211; w\u0119dkowanie przyn\u0119tami innymi ni\u017c sztuczne<br \/>\n&#8211; w\u0119dkowanie metodami innymi ni\u017c spinningowa, wertykalowa lub muchowa<br \/>\n&#8211; w\u0119dkowanie poza terenem zawod\u00f3w wyznaczonym przez organizatora<br \/>\n&#8211; podp\u0142ywanie na odleg\u0142o\u015b\u0107 mniejsz\u0105 ni\u017c 10 m do brzeg\u00f3w, pomost\u00f3w, wysp i trzcinowisk<br \/>\n&#8211; podp\u0142ywanie do innej \u0142odzi (lub kajaka) bior\u0105cej udzia\u0142 w zawodach na odleg\u0142o\u015b\u0107<br \/>\nmniejsz\u0105 ni\u017c 50 m.<br \/>\n&#8211; opuszczanie terenu zawod\u00f3w podczas ich trwania bez zgody s\u0119dziego g\u0142\u00f3wnego<br \/>\n&#8211; podbieranie ryb os\u0119k\u0105 lub innymi narz\u0119dziami kalecz\u0105cymi<br \/>\n&#8211; n\u0119cenie ryb<br \/>\n&#8211; p\u0142ywanie z pr\u0119dko\u015bci\u0105 wi\u0119ksz\u0105 ni\u017c 10 km\/h<\/li>\n<li>Ka\u017cdy zawodnik zobowi\u0105zany jest mie\u0107 na \u0142odzi kamizelk\u0119 ratunkow\u0105, kt\u00f3r\u0105 zabezpiecza we w\u0142asnym zakresie. W wypadku ekstremalnych warunk\u00f3w pogodowych s\u0119dzia g\u0142\u00f3wny mo\u017ce wprowadzi\u0107 obowi\u0105zek noszenia kamizelek ratunkowych pod rygorem dyskwalifikacji w turze. W\u0142a\u015bciciel \u0142odzi jest odpowiedzialny za wyposa\u017cenie \u0142odzi zgodnie z obowi\u0105zuj\u0105cymi przepisami. W \u0142odziach powy\u017cej 4 m d\u0142ugo\u015bci musi by\u0107 bosak, apteczka, ga\u015bnica odbijacze i<br \/>\nko\u0142o ratunkowe.<\/li>\n<li>Podczas trwania zawod\u00f3w ka\u017cdy zawodnik jest zobowi\u0105zany mie\u0107 przy sobie kart\u0119 startow\u0105, kt\u00f3r\u0105 otrzymuje od organizatora przed rozpocz\u0119ciem zawod\u00f3w.<\/li>\n<li>Ryby Do punktacji s\u0105 zaliczane wy\u0142\u0105cznie szczupaki:<br \/>\n&#8211; o d\u0142ugo\u015bci wi\u0119kszej ni\u017c 50 cm (o co najmniej 1 mm)<br \/>\n&#8211; z\u0142owione w czasie i na terenie zawod\u00f3w<br \/>\n&#8211; zahaczone w obr\u0119bie g\u0142owy<br \/>\n&#8211; w dobrej kondycji, to znaczy takie, kt\u00f3re po zmierzeniu i wypuszczeniu przez s\u0119dziego samodzielnie odp\u0142yn\u0119\u0142y w czasie nie d\u0142u\u017cszym ni\u017c 3 minuty, licz\u0105c od momentu ich w\u0142o\u017cenia do wody.<\/li>\n<li>Procedura zg\u0142aszania ryby<br \/>\nKa\u017cdy zawodnik sygnalizuje z\u0142owienie ryby s\u0119dziemu przez podniesienie chor\u0105giewki otrzymanej od organizatora lub\/i telefonicznie. \u0141\u00f3d\u017a s\u0119dziowska podp\u0142ywa do zawodnika w mo\u017cliwie najkr\u00f3tszym czasie od momentu zg\u0142oszenia, po czym ryba zostaje przekazana s\u0119dziemu w siatce lub w podbieraku, zmierzona przez s\u0119dziego, wpisana do protoko\u0142u i karty startowej zawodnika, sfotografowana a nast\u0119pnie delikatnie wypuszczona do wody. Je\u015bli ryba b\u0119dzie przekazywana s\u0119dziemu w inny spos\u00f3b, np. go\u0142ymi r\u0119kami, to konsekwencje jej ewentualnej ucieczki przed zmierzeniem ponosi wy\u0142\u0105cznie zawodnik (jej \u0142owca).<\/li>\n<li>Punktacja i klasyfikacje<br \/>\nZawodnik otrzymuje 1 punkt za ka\u017cdy pe\u0142ny centymetr d\u0142ugo\u015bci ryby zaliczonej przez s\u0119dziego i wpisanej do karty startowej. Do karty startowej wpisuje si\u0119 d\u0142ugo\u015b\u0107 ryby wyra\u017con\u0105 w pe\u0142nych centymetrach, np. ryb\u0119 o d\u0142ugo\u015bci 50,9 cm wpisuje si\u0119 jako 50 cm.<br \/>\nProwadzone s\u0105 2 klasyfikacje:<br \/>\n&#8211; <strong>Klasyfikacja Generalna<\/strong><br \/>\nBierze w niej udzia\u0142 najd\u0142u\u017csza ryba z obu tur ka\u017cdego zawodnika \u0142owi\u0105cego z \u0142odzi lub kajaka. O miejscu w Klasyfikacji Generalnej decyduje liczba punkt\u00f3w za<br \/>\nnajwi\u0119ksz\u0105 ryb\u0119 \u2013 im wi\u0119ksza liczba punkt\u00f3w, tym wy\u017csze miejsce w klasyfikacji. Zwyci\u0119zc\u0105 w Klasyfikacji Generalnej zostaje zawodnik, kt\u00f3ry z\u0142owi\u0142 najd\u0142u\u017csz\u0105 ryb\u0119 zawod\u00f3w. W przypadku jednakowej liczby punkt\u00f3w za najd\u0142u\u017csz\u0105 ryb\u0119, zwyci\u0119zc\u0105 jest ten zawodnik, kt\u00f3ry ma wi\u0119ksz\u0105 sum\u0119 d\u0142ugo\u015bci wszystkich ryb z\u0142owionych w zawodach.<br \/>\n&#8211; <strong>Klasyfikacja Najskuteczniejszy \u0141owca<\/strong><br \/>\nO miejscu w tej klasyfikacji decyduje suma punkt\u00f3w za wszystkie ryby z\u0142owione w obu turach zawod\u00f3w \u2013 im wi\u0119ksza suma, tym wy\u017csze miejsce. Zwyci\u0119zc\u0105 w klasyfikacji Najskuteczniejszy \u0141owca zostaje zawodnik, kt\u00f3ry uzyska\u0142 najwi\u0119ksz\u0105 sum\u0119 punkt\u00f3w za wszystkie ryby z\u0142owione w obu turach zawod\u00f3w. Nie zalicza si\u0119 do tej klasyfikacji najd\u0142u\u017cszych szczupak\u00f3w zdobywc\u00f3w 1. 2. i 3. miejsca z Klasyfikacji Generalnej. Po zako\u0144czeniu zawod\u00f3w zawodnik jest zobowi\u0105zany zda\u0107 swoj\u0105 kart\u0119 startow\u0105 do wyznaczonego punktu s\u0119dziowskiego, jednak nie p\u00f3\u017aniej ni\u017c 23 maja (sob.) najp\u00f3\u017aniej do godziny 16:30.<\/li>\n<li>Zawodnik, kt\u00f3ry nie zda karty startowej w ustalonym czasie, nie jest klasyfikowany ani nie<br \/>\nbierze udzia\u0142u w konkursie \u201eNagrody pocieszenia\u201d. <strong>Ze wzgl\u0119d\u00f3w bezpiecze\u0144stwa organizator prosi o terminowe zdanie kart startowych wszystkich zawodnik\u00f3w, nawet nieklasyfikowanych.<\/strong><\/li>\n<li>Nagrody<br \/>\n&#8211; za 1., 2. i 3. miejsce w Klasyfikacji Generalnej \u2013 puchary, dyplomy, nagrody rzeczowe<br \/>\n&#8211; za 1. miejsce w Klasyfikacji Najskuteczniejszy \u0141owca \u2013 dyplom i nagroda rzeczowa<br \/>\n&#8211; zawodnicy, kt\u00f3rzy zdali karty startowe w wyznaczonym czasie, bior\u0105 udzia\u0142 w konkursie \u201eNagrody pocieszenia\u201d. W tym konkursie nie bior\u0105 udzia\u0142u zwyci\u0119zcy<br \/>\nKlasyfikacji Generalnej (1., 2. i 3. miejsce) oraz Najskuteczniejszy \u0141owca.<br \/>\n&#8211; <strong>Je\u017celi warto\u015b\u0107 nagrody przekracza kwot\u0119 2000 z\u0142, obowi\u0105zek uiszczenia podatku dochodowego od nagr\u00f3d obci\u0105\u017ca jej zdobywc\u0119.<\/strong> Zgodnie z art. 30 ust. 1 pkt 2 ustawy z dnia 26 lipca 1991 r. o podatku dochodowym od os\u00f3b fizycznych (Dz. U. z 2000 r. Nr 14, poz. 176, z p\u00f3\u017an. zm.) \u201eOd dochod\u00f3w (przychod\u00f3w) pobiera si\u0119 zrycza\u0142towany podatek dochodowy: (\u2026) z tytu\u0142u wygranych w konkursach, grach i zak\u0142adach wzajemnych lub nagr\u00f3d zwi\u0105zanych ze sprzeda\u017c\u0105 premiow\u0105, uzyskanych w pa\u0144stwie cz\u0142onkowskim Unii Europejskiej lub innym pa\u0144stwie nale\u017c\u0105cym do Europejskiego Obszaru Gospodarczego &#8211; w wysoko\u015bci 10% wygranej lub nagrody;\u201d Na podstawie art. 41 ust. 7 ww. ustawy \u201eJe\u017celi przedmiotem: 1) wygranych (nagr\u00f3d), o kt\u00f3rych mowa w art. 30 ust. 1 pkt 2, (&#8230;) &#8211; nie s\u0105 pieni\u0105dze, podatnik jest obowi\u0105zany wp\u0142aci\u0107 p\u0142atnikowi kwot\u0119 zaliczki lub nale\u017cnego zrycza\u0142towanego podatku przed udost\u0119pnieniem wygranej (nagrody) lub \u015bwiadczenia.\u201d<br \/>\nNiedokonanie przez zdobywc\u0119 nagrody wp\u0142aty na rzecz Organizatora kwoty nale\u017cnego podatku od nagrody o warto\u015bci przekraczaj\u0105cej 2000 z\u0142 w terminie 7 dni od dnia poinformowania go o wygraniu zawod\u00f3w skutkuje wyga\u015bni\u0119ciem prawa do tej nagrody. Jako dzie\u0144 poinformowania zwyci\u0119zcy o wygranej przyjmuje si\u0119 termin zako\u0144czenia zawod\u00f3w tj. 24 maja 2026.<\/li>\n<li>Zawodnik mo\u017ce zosta\u0107 zdyskwalifikowany w turze przez s\u0119dziego g\u0142\u00f3wnego za:<br \/>\n&#8211; w\u0119dkowanie przyn\u0119tami innymi ni\u017c sztuczne;<br \/>\n&#8211; w\u0119dkowanie metodami innymi ni\u017c spinningowa, wertykalowa i muchowa;<br \/>\n&#8211; w\u0119dkowanie poza czasem i terenem zawod\u00f3w wyznaczonym przez organizatora;<br \/>\n&#8211; podp\u0142ywanie bezpo\u015brednio do brzeg\u00f3w, pomost\u00f3w, wysp i trzcinowisk na odleg\u0142o\u015b\u0107<br \/>\nmniejsz\u0105 ni\u017c 10 m;<br \/>\n&#8211; p\u0142ywanie z pr\u0119dko\u015bci\u0105 wi\u0119ksz\u0105 ni\u017c 10 km\/h<br \/>\n&#8211; podp\u0142ywanie do innej \u0142odzi (lub kajaka) bior\u0105cej udzia\u0142 w zawodach na odleg\u0142o\u015b\u0107<br \/>\nmniejsz\u0105 ni\u017c 50 m;<br \/>\n&#8211; opuszczenie bez zgody s\u0119dziego g\u0142\u00f3wnego terenu zawod\u00f3w podczas ich trwania;<br \/>\n&#8211; podbieranie ryb os\u0119k\u0105 lub innymi narz\u0119dziami kalecz\u0105cymi;<br \/>\n&#8211; n\u0119cenie ryb;<br \/>\n&#8211; nieposiadanie przy sobie karty startowej podczas trwania zawod\u00f3w;<br \/>\n&#8211; niezdanie karty startowej do punktu s\u0119dziowskiego w wyznaczonym czasie;<br \/>\n&#8211; niedyspozycj\u0119 psychofizyczn\u0105 przed zawodami lub podczas ich trwania;<br \/>\n&#8211; niesportowe zachowanie si\u0119 podczas zawod\u00f3w.<\/li>\n<li>Zawody zabezpiecza patrol Policji Wodnej oraz WOPR.<\/li>\n<li>Organizator nie ponosi odpowiedzialno\u015bci za straty materialne poniesione przez zawodnik\u00f3w<br \/>\npodczas trwania zawod\u00f3w.<\/li>\n<li>Zawodnik ma prawo z\u0142o\u017cy\u0107 protest do s\u0119dziego g\u0142\u00f3wnego:<br \/>\n&#8211; wy\u0142\u0105cznie na pi\u015bmie;<br \/>\n&#8211; po wp\u0142aceniu do kasy organizatora kaucji w wysoko\u015bci 200 z\u0142, jednak nie p\u00f3\u017aniej ni\u017c 30 minut po sygnale ko\u0144ca ka\u017cdej tury; kaucja zostaje<br \/>\nzawodnikowi zwr\u00f3cona wy\u0142\u0105cznie w przypadku uwzgl\u0119dnienia protestu przez s\u0119dziego g\u0142\u00f3wnego.<\/li>\n<li>Interpretacja niniejszego Regulaminu nale\u017cy wy\u0142\u0105cznie do s\u0119dziego g\u0142\u00f3wnego zawod\u00f3w. S\u0119dzia g\u0142\u00f3wny rozstrzyga wszelkie w\u0105tpliwo\u015bci i sprawy sporne w trybie decyzji ostatecznej.<\/li>\n<li>Organizator zastrzega sobie prawo zmian w niniejszym Regulaminie najp\u00f3\u017aniej do 21 maja (czw.) 2026 r. na odprawie przed zawodami. Udzia\u0142 w zawodnika w zawodach jest r\u00f3wnoznaczny z akceptacj\u0105 wszystkich postanowie\u0144 niniejszego Regulaminu i zgod\u0105 na wykorzystanie wizerunku zawodnika przez organizatora, sponsor\u00f3w i patron\u00f3w medialnych do promocji zawod\u00f3w. Zg\u0142oszenie do wzi\u0119cia udzia\u0142u w zawodach jest jednoznaczne z wyra\u017ceniem zgody na przetwarzanie danych osobowych zawodnika. Dane osobowe zawodnika b\u0119d\u0105 przetwarzane zgodnie z Rozporz\u0105dzeniem z dnia 25 maja 2018 r. o ochronie danych osobowych (rozporz\u0105dzenie Parlamentu Europejskiego i Rady (UE) 2016\/679). W sprawie ochrony os\u00f3b fizycznych w zwi\u0105zku z przetwarzaniem danych osobowych i w sprawie swobodnego przep\u0142ywu takich danych oraz uchylenia dyrektywy 95\/46\/WE (\u201eRODO\u201d). Podczas rejestracji zawodnik podpisuje stosowne o\u015bwiadczenie.<\/li>\n<\/ol>\n<\/div><div class=\"fusion-clearfix\"><\/div>\n\n\t\t\t\t\t<\/div>\n\t\t\t\t<\/div><\/div><\/div><div class=\"fusion-fullwidth fullwidth-box fusion-builder-row-2 nonhundred-percent-fullwidth non-hundred-percent-height-scrolling\"  style='background-color: rgba(255,255,255,0);background-position: center center;background-repeat: no-repeat;padding-top:0px;padding-right:0px;padding-bottom:0px;padding-left:0px;'><div class=\"fusion-builder-row fusion-row \"><div  class=\"fusion-layout-column fusion_builder_column fusion_builder_column_1_1 fusion-builder-column-2 fusion-one-full fusion-column-first fusion-column-last 1_1\"  style='margin-top:0px;margin-bottom:00px;'>\n\t\t\t\t\t<div class=\"fusion-column-wrapper\" style=\"padding: 0px 0px 0px 0px;background-position:left top;background-repeat:no-repeat;-webkit-background-size:cover;-moz-background-size:cover;-o-background-size:cover;background-size:cover;\"   data-bg-url=\"\">\n\t\t\t\t\t\t<div class=\"fusion-clearfix\"><\/div>\n\n\t\t\t\t\t<\/div>\n\t\t\t\t<\/div><\/div><\/div><div class=\"fusion-fullwidth fullwidth-box fusion-builder-row-3 nonhundred-percent-fullwidth non-hundred-percent-height-scrolling\"  style='background-color: rgba(255,255,255,0);background-position: center center;background-repeat: no-repeat;padding-top:0px;padding-right:0px;padding-bottom:0px;padding-left:0px;'><div class=\"fusion-builder-row fusion-row \"><div  class=\"fusion-layout-column fusion_builder_column fusion_builder_column_1_1 fusion-builder-column-3 fusion-one-full fusion-column-first fusion-column-last 1_1\"  style='margin-top:0px;margin-bottom:00px;'>\n\t\t\t\t\t<div class=\"fusion-column-wrapper\" style=\"padding: 0px 0px 0px 0px;background-position:left top;background-repeat:no-repeat;-webkit-background-size:cover;-moz-background-size:cover;-o-background-size:cover;background-size:cover;\"   data-bg-url=\"\">\n\t\t\t\t\t\t<div class=\"fusion-clearfix\"><\/div>\n\n\t\t\t\t\t<\/div>\n\t\t\t\t<\/div><\/div><\/div><\/p>\n","protected":false},"excerpt":{"rendered":"","protected":false},"author":1,"featured_media":0,"parent":0,"menu_order":0,"comment_status":"closed","ping_status":"open","template":"","meta":{"_monsterinsights_skip_tracking":false,"_monsterinsights_sitenote_active":false,"_monsterinsights_sitenote_note":"","_monsterinsights_sitenote_category":0,"_uf_show_specific_survey":0,"_uf_disable_surveys":false,"footnotes":""},"class_list":["post-531","page","type-page","status-publish","hentry"],"aioseo_notices":[],"_links":{"self":[{"href":"http:\/\/szczupakcup.hotelmoran.pl\/index.php?rest_route=\/wp\/v2\/pages\/531","targetHints":{"allow":["GET"]}}],"collection":[{"href":"http:\/\/szczupakcup.hotelmoran.pl\/index.php?rest_route=\/wp\/v2\/pages"}],"about":[{"href":"http:\/\/szczupakcup.hotelmoran.pl\/index.php?rest_route=\/wp\/v2\/types\/page"}],"author":[{"embeddable":true,"href":"http:\/\/szczupakcup.hotelmoran.pl\/index.php?rest_route=\/wp\/v2\/users\/1"}],"replies":[{"embeddable":true,"href":"http:\/\/szczupakcup.hotelmoran.pl\/index.php?rest_route=%2Fwp%2Fv2%2Fcomments&post=531"}],"version-history":[{"count":26,"href":"http:\/\/szczupakcup.hotelmoran.pl\/index.php?rest_route=\/wp\/v2\/pages\/531\/revisions"}],"predecessor-version":[{"id":1203,"href":"http:\/\/szczupakcup.hotelmoran.pl\/index.php?rest_route=\/wp\/v2\/pages\/531\/revisions\/1203"}],"wp:attachment":[{"href":"http:\/\/szczupakcup.hotelmoran.pl\/index.php?rest_route=%2Fwp%2Fv2%2Fmedia&parent=531"}],"curies":[{"name":"wp","href":"https:\/\/api.w.org\/{rel}","templated":true}]}}